{"id":1728,"date":"2015-07-11T17:27:49","date_gmt":"2015-07-11T15:27:49","guid":{"rendered":"http:\/\/www.epitype.de\/?page_id=1728&#038;lang=en"},"modified":"2025-11-18T15:17:06","modified_gmt":"2025-11-18T14:17:06","slug":"access","status":"publish","type":"page","link":"https:\/\/www.epitype.de\/en\/about-epitype\/access\/","title":{"rendered":"Directions"},"content":{"rendered":"<div  class='av_gmaps_sc_main_wrap av_gmaps_main_wrap '><div id='av_gmap_0' class='avia-google-map-container avia-google-map-sc av_gmaps_show_unconditionally av-no-fallback-img ' data-mapid='av_gmap_0'  style='height: 400px;'><a class=\"av_gmaps_browser_disabled av_text_confirm_link av_text_confirm_link_visible\" href=\"https:\/\/www.google.com\/maps\/search\/?api=1&#038;query=L\u00f6bstedter%20Str.%2041%2007749%20Jena%20%20Germany\" target=\"_blank\">Maps were disabled by the visitor on this site. Click to open the map in a new window.<\/a><\/div><\/div>\n<div id='av_section_1'  class='avia-section av-192gk1-633207d1c477c4b258f16320c6078d63 main_color avia-section-default avia-no-border-styling  avia-builder-el-1  el_after_av_google_map  avia-builder-el-last  avia-bg-style-scroll container_wrap sidebar_right'  ><div class='container av-section-cont-open' ><div class='template-page content  av-content-small alpha units'><div class='post-entry post-entry-type-page post-entry-1728'><div class='entry-content-wrapper clearfix'>\n<div class=\"flex_column av_one_half  flex_column_div av-zero-column-padding first  avia-builder-el-2  el_before_av_one_half  avia-builder-el-first  \" style='border-radius:0px; '><section  class='av_textblock_section av-uro5d-69f7389d0b21510990921f9f56a1b7c5 '   itemscope=\"itemscope\" itemtype=\"https:\/\/schema.org\/CreativeWork\" ><div class='avia_textblock'  itemprop=\"text\" ><p>You can find the Epitype GmbH premises at L\u00f6bstedter Stra\u00dfe 41, 07749 Jena Nord. The entrance is located in the central part of the building, on the Schlachthofstra\u00dfe side. Our offices are on the 2nd floor and are not accessible by elevator.<\/p>\n<\/div><\/section><\/div><div class=\"flex_column av_one_half  flex_column_div av-zero-column-padding   avia-builder-el-4  el_after_av_one_half  el_before_av_one_full  \" style='border-radius:0px; '><style type=\"text\/css\" data-created_by=\"avia_inline_auto\" id=\"style-css-av-m9bll-98730678f0d3264592d05985eb273a3d\">\n.avia-image-container.av-m9bll-98730678f0d3264592d05985eb273a3d img.avia_image{\nbox-shadow:none;\n}\n.avia-image-container.av-m9bll-98730678f0d3264592d05985eb273a3d .av-image-caption-overlay-center{\ncolor:#ffffff;\n}\n<\/style>\n<div  class='avia-image-container av-m9bll-98730678f0d3264592d05985eb273a3d av-styling- avia-align-center  avia-builder-el-5  avia-builder-el-no-sibling '   itemprop=\"image\" itemscope=\"itemscope\" itemtype=\"https:\/\/schema.org\/ImageObject\" ><div class=\"avia-image-container-inner\"><div class=\"avia-image-overlay-wrap\"><img decoding=\"async\" fetchpriority=\"high\" class='wp-image-9918 avia-img-lazy-loading-not-9918 avia_image ' src=\"https:\/\/www.epitype.de\/wp-content\/uploads\/2025\/09\/website_Pressetermin_Jena.png\" alt='' title='website_Press_Appointment_Jena'  height=\"321\" width=\"845\"  itemprop=\"thumbnailUrl\" srcset=\"https:\/\/www.epitype.de\/wp-content\/uploads\/2025\/09\/website_Pressetermin_Jena.png 845w, https:\/\/www.epitype.de\/wp-content\/uploads\/2025\/09\/website_Pressetermin_Jena-300x114.png 300w, https:\/\/www.epitype.de\/wp-content\/uploads\/2025\/09\/website_Pressetermin_Jena-768x292.png 768w, https:\/\/www.epitype.de\/wp-content\/uploads\/2025\/09\/website_Pressetermin_Jena-705x268.png 705w\" sizes=\"(max-width: 845px) 100vw, 845px\" \/><\/div><\/div><\/div><\/div><div class=\"flex_column av_one_full  flex_column_div av-zero-column-padding first  avia-builder-el-6  el_after_av_one_half  avia-builder-el-last  column-top-margin\" style='border-radius:0px; '><section  class='av_textblock_section av-9633d-75c454801da2fb1b3cf4b010aea6fb27 '   itemscope=\"itemscope\" itemtype=\"https:\/\/schema.org\/CreativeWork\" ><div class='avia_textblock'  itemprop=\"text\" ><h2>Directions<\/h2>\n<h3>By Car:<\/h3>\n<p>You can access our parking spaces from both L\u00f6bstedter Stra\u00dfe and Schlachthofstra\u00dfe.<\/p>\n<h3>By <strong>Train<\/strong>:<\/h3>\n<p><strong>Saalbahnhof<\/strong>: Epitype GmbH is located on the other side of the Saalbahnhof tracks. To reach us, walk approximately 200 meters along Saalbahnhofstra\u00dfe towards the city center until you reach the underpass. Go through it, and on the other side of the tracks, walk along L\u00f6bstedter Stra\u00dfe back towards Saalbahnhof.<\/p>\n<p><strong>Westbahnhof<\/strong>: Take bus line 15 from Westbahnhof to Spittelplatz and then walk for approx. 10 minutes.<\/p>\n<p><strong>Paradiesbahnhof<\/strong>: Bus line 410 from the bus station to Dammstra\u00dfe or bus line 430 from the bus station to Kulturschlachthof (directly in front of the building).<\/p>\n<\/div><\/section><\/div>\n<\/div><\/div><\/div><!-- close content main div --><\/div><\/div><div id='after_section_1'  class='main_color av_default_container_wrap container_wrap sidebar_right'  ><div class='container av-section-cont-open' ><div class='template-page content  av-content-small alpha units'><div class='post-entry post-entry-type-page post-entry-1728'><div class='entry-content-wrapper clearfix'>\n","protected":false},"excerpt":{"rendered":"","protected":false},"author":1,"featured_media":0,"parent":1686,"menu_order":1,"comment_status":"open","ping_status":"closed","template":"","meta":{"footnotes":""},"class_list":["post-1728","page","type-page","status-publish","hentry"],"yoast_head":"<!-- This site is optimized with the Yoast SEO plugin v27.4 - https:\/\/yoast.com\/product\/yoast-seo-wordpress\/ -->\n<title>Directions - Epitype GmbH<\/title>\n<meta name=\"robots\" content=\"index, follow, max-snippet:-1, max-image-preview:large, max-video-preview:-1\" \/>\n<link rel=\"canonical\" href=\"https:\/\/www.epitype.de\/en\/about-epitype\/access\/\" \/>\n<meta property=\"og:locale\" content=\"en_US\" \/>\n<meta property=\"og:type\" content=\"article\" \/>\n<meta property=\"og:title\" content=\"Directions - Epitype GmbH\" \/>\n<meta property=\"og:url\" content=\"https:\/\/www.epitype.de\/en\/about-epitype\/access\/\" \/>\n<meta property=\"og:site_name\" content=\"Epitype GmbH\" \/>\n<meta property=\"article:publisher\" content=\"https:\/\/www.facebook.com\/oncgnostics\/\" \/>\n<meta property=\"article:modified_time\" content=\"2025-11-18T14:17:06+00:00\" \/>\n<meta property=\"og:image\" content=\"https:\/\/www.epitype.de\/wp-content\/uploads\/2015\/03\/oncgnostics-logo2.png\" \/>\n\t<meta property=\"og:image:width\" content=\"340\" \/>\n\t<meta property=\"og:image:height\" content=\"156\" \/>\n\t<meta property=\"og:image:type\" content=\"image\/png\" \/>\n<meta name=\"twitter:card\" content=\"summary_large_image\" \/>\n<meta name=\"twitter:label1\" content=\"Est. reading time\" \/>\n\t<meta name=\"twitter:data1\" content=\"8 minutes\" \/>\n<script type=\"application\/ld+json\" class=\"yoast-schema-graph\">{\"@context\":\"https:\\\/\\\/schema.org\",\"@graph\":[{\"@type\":\"WebPage\",\"@id\":\"https:\\\/\\\/www.epitype.de\\\/en\\\/about-epitype\\\/access\\\/\",\"url\":\"https:\\\/\\\/www.epitype.de\\\/en\\\/about-epitype\\\/access\\\/\",\"name\":\"Directions - Epitype GmbH\",\"isPartOf\":{\"@id\":\"https:\\\/\\\/www.epitype.de\\\/en\\\/#website\"},\"datePublished\":\"2015-07-11T15:27:49+00:00\",\"dateModified\":\"2025-11-18T14:17:06+00:00\",\"breadcrumb\":{\"@id\":\"https:\\\/\\\/www.epitype.de\\\/en\\\/about-epitype\\\/access\\\/#breadcrumb\"},\"inLanguage\":\"en-US\",\"potentialAction\":[{\"@type\":\"ReadAction\",\"target\":[\"https:\\\/\\\/www.epitype.de\\\/en\\\/about-epitype\\\/access\\\/\"]}]},{\"@type\":\"BreadcrumbList\",\"@id\":\"https:\\\/\\\/www.epitype.de\\\/en\\\/about-epitype\\\/access\\\/#breadcrumb\",\"itemListElement\":[{\"@type\":\"ListItem\",\"position\":1,\"name\":\"Startseite\",\"item\":\"https:\\\/\\\/www.epitype.de\\\/en\\\/\"},{\"@type\":\"ListItem\",\"position\":2,\"name\":\"Contact\",\"item\":\"https:\\\/\\\/www.epitype.de\\\/en\\\/about-epitype\\\/\"},{\"@type\":\"ListItem\",\"position\":3,\"name\":\"Directions\"}]},{\"@type\":\"WebSite\",\"@id\":\"https:\\\/\\\/www.epitype.de\\\/en\\\/#website\",\"url\":\"https:\\\/\\\/www.epitype.de\\\/en\\\/\",\"name\":\"epitype GmbH\",\"description\":\"Molecular cancer diagnostics\",\"potentialAction\":[{\"@type\":\"SearchAction\",\"target\":{\"@type\":\"EntryPoint\",\"urlTemplate\":\"https:\\\/\\\/www.epitype.de\\\/en\\\/?s={search_term_string}\"},\"query-input\":{\"@type\":\"PropertyValueSpecification\",\"valueRequired\":true,\"valueName\":\"search_term_string\"}}],\"inLanguage\":\"en-US\"}]}<\/script>\n<!-- \/ Yoast SEO plugin. -->","yoast_head_json":{"title":"Directions - Epitype GmbH","robots":{"index":"index","follow":"follow","max-snippet":"max-snippet:-1","max-image-preview":"max-image-preview:large","max-video-preview":"max-video-preview:-1"},"canonical":"https:\/\/www.epitype.de\/en\/about-epitype\/access\/","og_locale":"en_US","og_type":"article","og_title":"Directions - Epitype GmbH","og_url":"https:\/\/www.epitype.de\/en\/about-epitype\/access\/","og_site_name":"Epitype GmbH","article_publisher":"https:\/\/www.facebook.com\/oncgnostics\/","article_modified_time":"2025-11-18T14:17:06+00:00","og_image":[{"width":340,"height":156,"url":"https:\/\/www.epitype.de\/wp-content\/uploads\/2015\/03\/oncgnostics-logo2.png","type":"image\/png"}],"twitter_card":"summary_large_image","twitter_misc":{"Est. reading time":"8 minutes"},"schema":{"@context":"https:\/\/schema.org","@graph":[{"@type":"WebPage","@id":"https:\/\/www.epitype.de\/en\/about-epitype\/access\/","url":"https:\/\/www.epitype.de\/en\/about-epitype\/access\/","name":"Directions - Epitype GmbH","isPartOf":{"@id":"https:\/\/www.epitype.de\/en\/#website"},"datePublished":"2015-07-11T15:27:49+00:00","dateModified":"2025-11-18T14:17:06+00:00","breadcrumb":{"@id":"https:\/\/www.epitype.de\/en\/about-epitype\/access\/#breadcrumb"},"inLanguage":"en-US","potentialAction":[{"@type":"ReadAction","target":["https:\/\/www.epitype.de\/en\/about-epitype\/access\/"]}]},{"@type":"BreadcrumbList","@id":"https:\/\/www.epitype.de\/en\/about-epitype\/access\/#breadcrumb","itemListElement":[{"@type":"ListItem","position":1,"name":"Startseite","item":"https:\/\/www.epitype.de\/en\/"},{"@type":"ListItem","position":2,"name":"Contact","item":"https:\/\/www.epitype.de\/en\/about-epitype\/"},{"@type":"ListItem","position":3,"name":"Directions"}]},{"@type":"WebSite","@id":"https:\/\/www.epitype.de\/en\/#website","url":"https:\/\/www.epitype.de\/en\/","name":"epitype GmbH","description":"Molecular cancer diagnostics","potentialAction":[{"@type":"SearchAction","target":{"@type":"EntryPoint","urlTemplate":"https:\/\/www.epitype.de\/en\/?s={search_term_string}"},"query-input":{"@type":"PropertyValueSpecification","valueRequired":true,"valueName":"search_term_string"}}],"inLanguage":"en-US"}]}},"_links":{"self":[{"href":"https:\/\/www.epitype.de\/en\/wp-json\/wp\/v2\/pages\/1728","targetHints":{"allow":["GET"]}}],"collection":[{"href":"https:\/\/www.epitype.de\/en\/wp-json\/wp\/v2\/pages"}],"about":[{"href":"https:\/\/www.epitype.de\/en\/wp-json\/wp\/v2\/types\/page"}],"author":[{"embeddable":true,"href":"https:\/\/www.epitype.de\/en\/wp-json\/wp\/v2\/users\/1"}],"replies":[{"embeddable":true,"href":"https:\/\/www.epitype.de\/en\/wp-json\/wp\/v2\/comments?post=1728"}],"version-history":[{"count":4,"href":"https:\/\/www.epitype.de\/en\/wp-json\/wp\/v2\/pages\/1728\/revisions"}],"predecessor-version":[{"id":10460,"href":"https:\/\/www.epitype.de\/en\/wp-json\/wp\/v2\/pages\/1728\/revisions\/10460"}],"up":[{"embeddable":true,"href":"https:\/\/www.epitype.de\/en\/wp-json\/wp\/v2\/pages\/1686"}],"wp:attachment":[{"href":"https:\/\/www.epitype.de\/en\/wp-json\/wp\/v2\/media?parent=1728"}],"curies":[{"name":"wp","href":"https:\/\/api.w.org\/{rel}","templated":true}]}}